{"id":148,"date":"2020-11-04T08:20:24","date_gmt":"2020-11-04T07:20:24","guid":{"rendered":"http:\/\/www.mlemagnet.com\/fr\/?page_id=148"},"modified":"2025-01-19T10:57:02","modified_gmt":"2025-01-19T09:57:02","slug":"adhesifs-magnetiques-contact-documentation","status":"publish","type":"page","link":"https:\/\/www.mlemagnet.com\/fr\/adhesifs-magnetiques-contact-documentation\/","title":{"rendered":"Adh\u00e9sifs magn\u00e9tiques contact documentation"},"content":{"rendered":"\n<p>Adh\u00e9sifs magn\u00e9tiques en pose automatique, des magnets pour la communication , pour vos demandes d&rsquo;informations, d&rsquo;\u00e9chantillons, vos projets. c&rsquo;est ici.<\/p>\n\n\n\n<div class=\"wp-block-jetpack-tiled-gallery alignwide is-style-columns\"><div class=\"tiled-gallery__gallery\"><div class=\"tiled-gallery__row\"><div class=\"tiled-gallery__col\" style=\"flex-basis:33.6323703838432%\"><figure class=\"tiled-gallery__item\"><a href=\"https:\/\/i2.wp.com\/www.mlemagnet.com\/fr\/wp-content\/uploads\/2020\/11\/M-le-Magnet-aimante-qui-vous-voulez-.gif?ssl=1\"><img decoding=\"async\" srcset=\"https:\/\/i2.wp.com\/www.mlemagnet.com\/fr\/wp-content\/uploads\/2020\/11\/M-le-Magnet-aimante-qui-vous-voulez-.gif?strip=info&#038;w=600&#038;ssl=1 600w,https:\/\/i2.wp.com\/www.mlemagnet.com\/fr\/wp-content\/uploads\/2020\/11\/M-le-Magnet-aimante-qui-vous-voulez-.gif?strip=info&#038;w=656&#038;ssl=1 656w\" alt=\"M le Magnet aimant\u00e9 qui vous voulez !\" data-height=\"368\" data-id=\"2023\" data-link=\"https:\/\/www.mlemagnet.com\/fr\/adhesifs-magnetiques-contact-documentation\/m-le-magnet-aimante-qui-vous-voulez\/\" data-url=\"https:\/\/www.mlemagnet.com\/fr\/wp-content\/uploads\/2020\/11\/M-le-Magnet-aimante-qui-vous-voulez-.gif\" data-width=\"656\" src=\"https:\/\/i2.wp.com\/www.mlemagnet.com\/fr\/wp-content\/uploads\/2020\/11\/M-le-Magnet-aimante-qui-vous-voulez-.gif?ssl=1\" layout=\"responsive\"\/><\/a><\/figure><\/div><div class=\"tiled-gallery__col\" style=\"flex-basis:21.74046598184185%\"><figure class=\"tiled-gallery__item\"><a href=\"https:\/\/i0.wp.com\/www.mlemagnet.com\/fr\/wp-content\/uploads\/2020\/11\/Orbit-Gum-Magnetic-Closure.jpg?ssl=1\"><img decoding=\"async\" srcset=\"https:\/\/i0.wp.com\/www.mlemagnet.com\/fr\/wp-content\/uploads\/2020\/11\/Orbit-Gum-Magnetic-Closure.jpg?strip=info&#038;w=115&#038;ssl=1 115w\" alt=\"fermeture magnetique de boite\" data-height=\"100\" data-id=\"1925\" data-link=\"https:\/\/www.mlemagnet.com\/fr\/orbit-gum-magnetic-closure\/\" data-url=\"https:\/\/www.mlemagnet.com\/fr\/wp-content\/uploads\/2020\/11\/Orbit-Gum-Magnetic-Closure.jpg\" data-width=\"115\" src=\"https:\/\/i0.wp.com\/www.mlemagnet.com\/fr\/wp-content\/uploads\/2020\/11\/Orbit-Gum-Magnetic-Closure.jpg?ssl=1\" layout=\"responsive\"\/><\/a><\/figure><\/div><div class=\"tiled-gallery__col\" style=\"flex-basis:33.95929559077107%\"><figure class=\"tiled-gallery__item\"><a href=\"https:\/\/i1.wp.com\/www.mlemagnet.com\/fr\/wp-content\/uploads\/2020\/05\/M-le-Magnet-fermetures-d\u2019emballages-flexibles-innovantes-et-pratiques-1.gif?ssl=1\"><img decoding=\"async\" srcset=\"https:\/\/i1.wp.com\/www.mlemagnet.com\/fr\/wp-content\/uploads\/2020\/05\/M-le-Magnet-fermetures-d\u2019emballages-flexibles-innovantes-et-pratiques-1.gif?strip=info&#038;w=576&#038;ssl=1 576w\" alt=\"M le Magnet fermetures d\u2019emballages flexibles, innovantes et pratiques\" data-height=\"320\" data-id=\"1156\" data-link=\"https:\/\/www.mlemagnet.com\/fr\/?attachment_id=1156\" data-url=\"https:\/\/www.mlemagnet.com\/fr\/wp-content\/uploads\/2020\/05\/M-le-Magnet-fermetures-d\u2019emballages-flexibles-innovantes-et-pratiques-1.gif\" data-width=\"576\" src=\"https:\/\/i1.wp.com\/www.mlemagnet.com\/fr\/wp-content\/uploads\/2020\/05\/M-le-Magnet-fermetures-d\u2019emballages-flexibles-innovantes-et-pratiques-1.gif?ssl=1\" layout=\"responsive\"\/><\/a><\/figure><\/div><div class=\"tiled-gallery__col\" style=\"flex-basis:10.66786804354389%\"><figure class=\"tiled-gallery__item\"><a href=\"https:\/\/i1.wp.com\/www.mlemagnet.com\/fr\/wp-content\/uploads\/2020\/05\/M-le-magnet-Des-solutions-magn\u00e9tiques-bient\u00f4t-chez-vous-4.gif?ssl=1\"><img decoding=\"async\" srcset=\"https:\/\/i1.wp.com\/www.mlemagnet.com\/fr\/wp-content\/uploads\/2020\/05\/M-le-magnet-Des-solutions-magn\u00e9tiques-bient\u00f4t-chez-vous-4.gif?strip=info&#038;w=368&#038;ssl=1 368w\" alt=\"M le Magnet Des solutions magn\u00e9tiques d'emballages flexibles bient\u00f4t chez vous...\" data-height=\"656\" data-id=\"1218\" data-link=\"https:\/\/www.mlemagnet.com\/fr\/?attachment_id=1218\" data-url=\"https:\/\/www.mlemagnet.com\/fr\/wp-content\/uploads\/2020\/05\/M-le-magnet-Des-solutions-magn\u00e9tiques-bient\u00f4t-chez-vous-4.gif\" data-width=\"368\" src=\"https:\/\/i1.wp.com\/www.mlemagnet.com\/fr\/wp-content\/uploads\/2020\/05\/M-le-magnet-Des-solutions-magn\u00e9tiques-bient\u00f4t-chez-vous-4.gif?ssl=1\" layout=\"responsive\"\/><\/a><\/figure><\/div><\/div><\/div><\/div>\n\n\n\n<div class=\"wp-block-media-text alignwide has-media-on-the-right is-image-fill is-stacked-on-mobile\" style=\"grid-template-columns:auto 33%\"><div class=\"wp-block-media-text__content\">\n<p class=\"has-large-font-size\">Nos aimants vous attirent?<\/p>\n<\/div><figure class=\"wp-block-media-text__media\" style=\"background-image:url(https:\/\/www.mlemagnet.com\/fr\/wp-content\/uploads\/2020\/05\/boxer-3399598-1024x683.jpg);background-position:50% 50%\"><img loading=\"lazy\" decoding=\"async\" width=\"1024\" height=\"683\" src=\"https:\/\/www.mlemagnet.com\/fr\/wp-content\/uploads\/2020\/05\/boxer-3399598-1024x683.jpg\" alt=\"M le Magnet surprise\" class=\"wp-image-1036 size-full\" srcset=\"https:\/\/www.mlemagnet.com\/fr\/wp-content\/uploads\/2020\/05\/boxer-3399598-1024x683.jpg 1024w, https:\/\/www.mlemagnet.com\/fr\/wp-content\/uploads\/2020\/05\/boxer-3399598-300x200.jpg 300w, https:\/\/www.mlemagnet.com\/fr\/wp-content\/uploads\/2020\/05\/boxer-3399598-768x512.jpg 768w, https:\/\/www.mlemagnet.com\/fr\/wp-content\/uploads\/2020\/05\/boxer-3399598-830x553.jpg 830w, https:\/\/www.mlemagnet.com\/fr\/wp-content\/uploads\/2020\/05\/boxer-3399598-230x153.jpg 230w, https:\/\/www.mlemagnet.com\/fr\/wp-content\/uploads\/2020\/05\/boxer-3399598-350x233.jpg 350w, https:\/\/www.mlemagnet.com\/fr\/wp-content\/uploads\/2020\/05\/boxer-3399598-480x320.jpg 480w\" sizes=\"auto, (max-width: 1024px) 100vw, 1024px\" \/><\/figure><\/div>\n\n\n\n<p><\/p>\n\n\n\n<p><\/p>\n\n\n\n\n\n<figure class=\"wp-block-image aligncenter is-resized\"><a href=\"https:\/\/www.mlemagnet.com\/fr\/wp-content\/uploads\/2020\/05\/M-le-Magnet-Contactez-nous.jpg\"><img loading=\"lazy\" decoding=\"async\" width=\"1024\" height=\"404\" src=\"https:\/\/www.mlemagnet.com\/fr\/wp-content\/uploads\/2020\/05\/M-le-Magnet-Contactez-nous-1024x404.jpg\" alt=\"M le Magnet aimants magnet demande informations\" class=\"wp-image-1238\" style=\"width:317px;height:124px\" srcset=\"https:\/\/www.mlemagnet.com\/fr\/wp-content\/uploads\/2020\/05\/M-le-Magnet-Contactez-nous.jpg 1024w, https:\/\/www.mlemagnet.com\/fr\/wp-content\/uploads\/2020\/05\/M-le-Magnet-Contactez-nous-300x118.jpg 300w, https:\/\/www.mlemagnet.com\/fr\/wp-content\/uploads\/2020\/05\/M-le-Magnet-Contactez-nous-768x303.jpg 768w, https:\/\/www.mlemagnet.com\/fr\/wp-content\/uploads\/2020\/05\/M-le-Magnet-Contactez-nous-830x327.jpg 830w, https:\/\/www.mlemagnet.com\/fr\/wp-content\/uploads\/2020\/05\/M-le-Magnet-Contactez-nous-230x91.jpg 230w, https:\/\/www.mlemagnet.com\/fr\/wp-content\/uploads\/2020\/05\/M-le-Magnet-Contactez-nous-350x138.jpg 350w, https:\/\/www.mlemagnet.com\/fr\/wp-content\/uploads\/2020\/05\/M-le-Magnet-Contactez-nous-480x189.jpg 480w\" sizes=\"auto, (max-width: 1024px) 100vw, 1024px\" \/><\/a><figcaption class=\"wp-element-caption\">Nous sommes l\u00e0 pour vous<\/figcaption><\/figure>\n\n\n\n<p><\/p>\n","protected":false},"excerpt":{"rendered":"<p>Adh\u00e9sifs magn\u00e9tiques en pose automatique, des magnets pour la communication , pour vos demandes d&rsquo;informations, d&rsquo;\u00e9chantillons, vos projets. c&rsquo;est ici. Nos aimants [&hellip;]<\/p>\n","protected":false},"author":1,"featured_media":1204,"parent":0,"menu_order":0,"comment_status":"closed","ping_status":"closed","template":"","meta":{"footnotes":""},"class_list":["post-148","page","type-page","status-publish","has-post-thumbnail","hentry"],"yoast_head":"<!-- This site is optimized with the Yoast SEO plugin v22.3 - https:\/\/yoast.com\/wordpress\/plugins\/seo\/ -->\n<title>Adh\u00e9sifs magn\u00e9tiques contact documentation - M le magnet<\/title>\n<meta name=\"description\" content=\"Adh\u00e9sifs magn\u00e9tiques contact documentation- pour vos demandes d&#039;informations, d&#039;\u00e9chantillons, vos projets. c&#039;est ici.\" \/>\n<meta name=\"robots\" content=\"index, follow, max-snippet:-1, max-image-preview:large, max-video-preview:-1\" \/>\n<link rel=\"canonical\" href=\"https:\/\/www.mlemagnet.com\/fr\/adhesifs-magnetiques-contact-documentation\/\" \/>\n<meta property=\"og:locale\" content=\"fr_FR\" \/>\n<meta property=\"og:type\" content=\"article\" \/>\n<meta property=\"og:title\" content=\"Adh\u00e9sifs magn\u00e9tiques contact documentation - M le magnet\" \/>\n<meta property=\"og:description\" content=\"Adh\u00e9sifs magn\u00e9tiques contact documentation- pour vos demandes d&#039;informations, d&#039;\u00e9chantillons, vos projets. c&#039;est ici.\" \/>\n<meta property=\"og:url\" content=\"https:\/\/www.mlemagnet.com\/fr\/adhesifs-magnetiques-contact-documentation\/\" \/>\n<meta property=\"og:site_name\" content=\"M le magnet\" \/>\n<meta property=\"article:modified_time\" content=\"2025-01-19T09:57:02+00:00\" \/>\n<meta property=\"og:image\" content=\"https:\/\/www.mlemagnet.com\/fr\/wp-content\/uploads\/2020\/05\/M-le-Magnet-tous-les-packagings-peuvent-se-distinguer-1.gif\" \/>\n\t<meta property=\"og:image:width\" content=\"1201\" \/>\n\t<meta property=\"og:image:height\" content=\"800\" \/>\n\t<meta property=\"og:image:type\" content=\"image\/gif\" \/>\n<meta name=\"twitter:card\" content=\"summary_large_image\" \/>\n<meta name=\"twitter:label1\" content=\"Dur\u00e9e de lecture estim\u00e9e\" \/>\n\t<meta name=\"twitter:data1\" content=\"2 minutes\" \/>\n<script type=\"application\/ld+json\" class=\"yoast-schema-graph\">{\"@context\":\"https:\/\/schema.org\",\"@graph\":[{\"@type\":\"WebPage\",\"@id\":\"https:\/\/www.mlemagnet.com\/fr\/adhesifs-magnetiques-contact-documentation\/\",\"url\":\"https:\/\/www.mlemagnet.com\/fr\/adhesifs-magnetiques-contact-documentation\/\",\"name\":\"Adh\u00e9sifs magn\u00e9tiques contact documentation - M le magnet\",\"isPartOf\":{\"@id\":\"https:\/\/www.mlemagnet.com\/fr\/#website\"},\"primaryImageOfPage\":{\"@id\":\"https:\/\/www.mlemagnet.com\/fr\/adhesifs-magnetiques-contact-documentation\/#primaryimage\"},\"image\":{\"@id\":\"https:\/\/www.mlemagnet.com\/fr\/adhesifs-magnetiques-contact-documentation\/#primaryimage\"},\"thumbnailUrl\":\"https:\/\/www.mlemagnet.com\/fr\/wp-content\/uploads\/2020\/05\/M-le-Magnet-tous-les-packagings-peuvent-se-distinguer-1.gif\",\"datePublished\":\"2020-11-04T07:20:24+00:00\",\"dateModified\":\"2025-01-19T09:57:02+00:00\",\"description\":\"Adh\u00e9sifs magn\u00e9tiques contact documentation- pour vos demandes d'informations, d'\u00e9chantillons, vos projets. c'est ici.\",\"breadcrumb\":{\"@id\":\"https:\/\/www.mlemagnet.com\/fr\/adhesifs-magnetiques-contact-documentation\/#breadcrumb\"},\"inLanguage\":\"fr-FR\",\"potentialAction\":[{\"@type\":\"ReadAction\",\"target\":[\"https:\/\/www.mlemagnet.com\/fr\/adhesifs-magnetiques-contact-documentation\/\"]}]},{\"@type\":\"ImageObject\",\"inLanguage\":\"fr-FR\",\"@id\":\"https:\/\/www.mlemagnet.com\/fr\/adhesifs-magnetiques-contact-documentation\/#primaryimage\",\"url\":\"https:\/\/www.mlemagnet.com\/fr\/wp-content\/uploads\/2020\/05\/M-le-Magnet-tous-les-packagings-peuvent-se-distinguer-1.gif\",\"contentUrl\":\"https:\/\/www.mlemagnet.com\/fr\/wp-content\/uploads\/2020\/05\/M-le-Magnet-tous-les-packagings-peuvent-se-distinguer-1.gif\",\"width\":1201,\"height\":800,\"caption\":\"Boites fa\u00e7onn\u00e9es\"},{\"@type\":\"BreadcrumbList\",\"@id\":\"https:\/\/www.mlemagnet.com\/fr\/adhesifs-magnetiques-contact-documentation\/#breadcrumb\",\"itemListElement\":[{\"@type\":\"ListItem\",\"position\":1,\"name\":\"Accueil\",\"item\":\"https:\/\/www.mlemagnet.com\/fr\/\"},{\"@type\":\"ListItem\",\"position\":2,\"name\":\"Adh\u00e9sifs magn\u00e9tiques contact documentation\"}]},{\"@type\":\"WebSite\",\"@id\":\"https:\/\/www.mlemagnet.com\/fr\/#website\",\"url\":\"https:\/\/www.mlemagnet.com\/fr\/\",\"name\":\"M le magnet\",\"description\":\"Pose automatique d&#039;aimants en s\u00e9rie\",\"publisher\":{\"@id\":\"https:\/\/www.mlemagnet.com\/fr\/#organization\"},\"potentialAction\":[{\"@type\":\"SearchAction\",\"target\":{\"@type\":\"EntryPoint\",\"urlTemplate\":\"https:\/\/www.mlemagnet.com\/fr\/?s={search_term_string}\"},\"query-input\":\"required name=search_term_string\"}],\"inLanguage\":\"fr-FR\"},{\"@type\":\"Organization\",\"@id\":\"https:\/\/www.mlemagnet.com\/fr\/#organization\",\"name\":\"M le Magnet by IPT\",\"url\":\"https:\/\/www.mlemagnet.com\/fr\/\",\"logo\":{\"@type\":\"ImageObject\",\"inLanguage\":\"fr-FR\",\"@id\":\"https:\/\/www.mlemagnet.com\/fr\/#\/schema\/logo\/image\/\",\"url\":\"\",\"contentUrl\":\"\",\"caption\":\"M le Magnet by IPT\"},\"image\":{\"@id\":\"https:\/\/www.mlemagnet.com\/fr\/#\/schema\/logo\/image\/\"},\"sameAs\":[\"https:\/\/youtube.com\/c\/JacquesPajot\"]}]}<\/script>\n<!-- \/ Yoast SEO plugin. -->","yoast_head_json":{"title":"Adh\u00e9sifs magn\u00e9tiques contact documentation - M le magnet","description":"Adh\u00e9sifs magn\u00e9tiques contact documentation- pour vos demandes d'informations, d'\u00e9chantillons, vos projets. c'est ici.","robots":{"index":"index","follow":"follow","max-snippet":"max-snippet:-1","max-image-preview":"max-image-preview:large","max-video-preview":"max-video-preview:-1"},"canonical":"https:\/\/www.mlemagnet.com\/fr\/adhesifs-magnetiques-contact-documentation\/","og_locale":"fr_FR","og_type":"article","og_title":"Adh\u00e9sifs magn\u00e9tiques contact documentation - M le magnet","og_description":"Adh\u00e9sifs magn\u00e9tiques contact documentation- pour vos demandes d'informations, d'\u00e9chantillons, vos projets. c'est ici.","og_url":"https:\/\/www.mlemagnet.com\/fr\/adhesifs-magnetiques-contact-documentation\/","og_site_name":"M le magnet","article_modified_time":"2025-01-19T09:57:02+00:00","og_image":[{"width":1201,"height":800,"url":"https:\/\/www.mlemagnet.com\/fr\/wp-content\/uploads\/2020\/05\/M-le-Magnet-tous-les-packagings-peuvent-se-distinguer-1.gif","type":"image\/gif"}],"twitter_card":"summary_large_image","twitter_misc":{"Dur\u00e9e de lecture estim\u00e9e":"2 minutes"},"schema":{"@context":"https:\/\/schema.org","@graph":[{"@type":"WebPage","@id":"https:\/\/www.mlemagnet.com\/fr\/adhesifs-magnetiques-contact-documentation\/","url":"https:\/\/www.mlemagnet.com\/fr\/adhesifs-magnetiques-contact-documentation\/","name":"Adh\u00e9sifs magn\u00e9tiques contact documentation - M le magnet","isPartOf":{"@id":"https:\/\/www.mlemagnet.com\/fr\/#website"},"primaryImageOfPage":{"@id":"https:\/\/www.mlemagnet.com\/fr\/adhesifs-magnetiques-contact-documentation\/#primaryimage"},"image":{"@id":"https:\/\/www.mlemagnet.com\/fr\/adhesifs-magnetiques-contact-documentation\/#primaryimage"},"thumbnailUrl":"https:\/\/www.mlemagnet.com\/fr\/wp-content\/uploads\/2020\/05\/M-le-Magnet-tous-les-packagings-peuvent-se-distinguer-1.gif","datePublished":"2020-11-04T07:20:24+00:00","dateModified":"2025-01-19T09:57:02+00:00","description":"Adh\u00e9sifs magn\u00e9tiques contact documentation- pour vos demandes d'informations, d'\u00e9chantillons, vos projets. c'est ici.","breadcrumb":{"@id":"https:\/\/www.mlemagnet.com\/fr\/adhesifs-magnetiques-contact-documentation\/#breadcrumb"},"inLanguage":"fr-FR","potentialAction":[{"@type":"ReadAction","target":["https:\/\/www.mlemagnet.com\/fr\/adhesifs-magnetiques-contact-documentation\/"]}]},{"@type":"ImageObject","inLanguage":"fr-FR","@id":"https:\/\/www.mlemagnet.com\/fr\/adhesifs-magnetiques-contact-documentation\/#primaryimage","url":"https:\/\/www.mlemagnet.com\/fr\/wp-content\/uploads\/2020\/05\/M-le-Magnet-tous-les-packagings-peuvent-se-distinguer-1.gif","contentUrl":"https:\/\/www.mlemagnet.com\/fr\/wp-content\/uploads\/2020\/05\/M-le-Magnet-tous-les-packagings-peuvent-se-distinguer-1.gif","width":1201,"height":800,"caption":"Boites fa\u00e7onn\u00e9es"},{"@type":"BreadcrumbList","@id":"https:\/\/www.mlemagnet.com\/fr\/adhesifs-magnetiques-contact-documentation\/#breadcrumb","itemListElement":[{"@type":"ListItem","position":1,"name":"Accueil","item":"https:\/\/www.mlemagnet.com\/fr\/"},{"@type":"ListItem","position":2,"name":"Adh\u00e9sifs magn\u00e9tiques contact documentation"}]},{"@type":"WebSite","@id":"https:\/\/www.mlemagnet.com\/fr\/#website","url":"https:\/\/www.mlemagnet.com\/fr\/","name":"M le magnet","description":"Pose automatique d&#039;aimants en s\u00e9rie","publisher":{"@id":"https:\/\/www.mlemagnet.com\/fr\/#organization"},"potentialAction":[{"@type":"SearchAction","target":{"@type":"EntryPoint","urlTemplate":"https:\/\/www.mlemagnet.com\/fr\/?s={search_term_string}"},"query-input":"required name=search_term_string"}],"inLanguage":"fr-FR"},{"@type":"Organization","@id":"https:\/\/www.mlemagnet.com\/fr\/#organization","name":"M le Magnet by IPT","url":"https:\/\/www.mlemagnet.com\/fr\/","logo":{"@type":"ImageObject","inLanguage":"fr-FR","@id":"https:\/\/www.mlemagnet.com\/fr\/#\/schema\/logo\/image\/","url":"","contentUrl":"","caption":"M le Magnet by IPT"},"image":{"@id":"https:\/\/www.mlemagnet.com\/fr\/#\/schema\/logo\/image\/"},"sameAs":["https:\/\/youtube.com\/c\/JacquesPajot"]}]}},"jetpack_sharing_enabled":true,"_links":{"self":[{"href":"https:\/\/www.mlemagnet.com\/fr\/wp-json\/wp\/v2\/pages\/148","targetHints":{"allow":["GET"]}}],"collection":[{"href":"https:\/\/www.mlemagnet.com\/fr\/wp-json\/wp\/v2\/pages"}],"about":[{"href":"https:\/\/www.mlemagnet.com\/fr\/wp-json\/wp\/v2\/types\/page"}],"author":[{"embeddable":true,"href":"https:\/\/www.mlemagnet.com\/fr\/wp-json\/wp\/v2\/users\/1"}],"replies":[{"embeddable":true,"href":"https:\/\/www.mlemagnet.com\/fr\/wp-json\/wp\/v2\/comments?post=148"}],"version-history":[{"count":3,"href":"https:\/\/www.mlemagnet.com\/fr\/wp-json\/wp\/v2\/pages\/148\/revisions"}],"predecessor-version":[{"id":2362,"href":"https:\/\/www.mlemagnet.com\/fr\/wp-json\/wp\/v2\/pages\/148\/revisions\/2362"}],"wp:featuredmedia":[{"embeddable":true,"href":"https:\/\/www.mlemagnet.com\/fr\/wp-json\/wp\/v2\/media\/1204"}],"wp:attachment":[{"href":"https:\/\/www.mlemagnet.com\/fr\/wp-json\/wp\/v2\/media?parent=148"}],"curies":[{"name":"wp","href":"https:\/\/api.w.org\/{rel}","templated":true}]}}