{"id":2,"date":"2020-04-03T11:11:25","date_gmt":"2020-04-03T09:11:25","guid":{"rendered":"http:\/\/www.mlemagnet.com\/fr\/?page_id=2"},"modified":"2020-12-10T18:32:58","modified_gmt":"2020-12-10T17:32:58","slug":"aimants-grande-serie-magnet","status":"publish","type":"page","link":"https:\/\/www.mlemagnet.com\/fr\/","title":{"rendered":"Avec M le Magnet, vous devenez magn\u00e9tique!"},"content":{"rendered":"\n<h2 class=\"has-text-color wp-block-heading\" style=\"color:#953735\">aimants grande s\u00e9rie magnet<\/h2>\n\n\n\n<h3 class=\"has-text-align-left wp-block-heading\">M Le Magnet offre une solution d&rsquo;aimants pour les productions en grande s\u00e9rie, que vous soyez:<\/h3>\n\n\n\n<ul class=\"wp-block-list\"><li><strong> une marque, <\/strong><\/li><li><strong>un produit, <\/strong><\/li><li><strong>concepteur de packaging<\/strong><\/li><li><strong>producteur d&#8217;emballages flexibles, <\/strong><\/li><li><strong>soci\u00e9t\u00e9 de direct mailing<\/strong><\/li><li><strong>entreprise de fa\u00e7onnage&#8230;.<\/strong><\/li><\/ul>\n\n\n\n<blockquote class=\"wp-block-quote has-text-align-center is-style-default is-layout-flow wp-block-quote-is-layout-flow\"><p><em><strong>Voici un Petit test amusant :&nbsp;<\/strong><\/em><\/p><p><em>Croisez vous des magnets dans votre quotidien, autours de vous ? <\/em><\/p><p><em>Si oui, combien d\u2019aimants ou magnets visualisez-vous <strong>de t\u00eate <\/strong>?<\/em><\/p><p><em>Maintenant, mesurez votre performance\u2026<\/em><\/p><p><strong>&#8230;<em>La magie du magn\u00e9tique !<\/em><\/strong><\/p><\/blockquote>\n\n\n\n<h2 class=\"has-text-color wp-block-heading\" style=\"color:#953735\">Avec M le Magnet, vous b\u00e9n\u00e9ficiez d&rsquo;un atout exclusif et unique pour vous mettre en avant !<\/h2>\n\n\n\n<p>Ainsi, sans changer vos \u00e9quipements de production, notre technologie magn\u00e9tique brevet\u00e9e vous permet produire des m\u00e9dia et emballages aimant\u00e9s et de :<\/p>\n\n\n\n<h3 class=\"has-text-color wp-block-heading\" style=\"color:#953735\">1- <a href=\"https:\/\/www.mlemagnet.com\/fr\/fermeture-magnetique-pour-emballages-flexibles-en-grande-serie\/\" target=\"_blank\" rel=\"noreferrer noopener\">Cr\u00e9er la diff\u00e9rence avec des fermetures magn\u00e9tiques pour emballages flexibles<\/a><\/h3>\n\n\n\n<p>Ins\u00e9rer une <strong>fermeture magn\u00e9tique<\/strong> sur des <strong>emballages flexibles<\/strong> n&rsquo;a jamais \u00e9t\u00e9 aussi simple&#8230; <\/p>\n\n\n\n<div class=\"wp-block-image\"><figure class=\"aligncenter is-resized\"><a href=\"https:\/\/www.mlemagnet.com\/fr\/fermeture-magnetique-pour-emballages-flexibles-en-grande-serie\/\" target=\"_blank\" rel=\"noopener noreferrer\"><img loading=\"lazy\" decoding=\"async\" src=\"https:\/\/www.mlemagnet.com\/fr\/wp-content\/uploads\/2020\/05\/m-le-magnet-fermetures-flexibles-magn\u00e9tiques.jpg\" alt=\"M le Magnet : Une fermeture flexible aimant\u00e9e pour des emballages en grandes s\u00e9ries\" class=\"wp-image-1150\" width=\"600\" height=\"402\" srcset=\"https:\/\/www.mlemagnet.com\/fr\/wp-content\/uploads\/2020\/05\/m-le-magnet-fermetures-flexibles-magn\u00e9tiques-300x200.jpg 300w, https:\/\/www.mlemagnet.com\/fr\/wp-content\/uploads\/2020\/05\/m-le-magnet-fermetures-flexibles-magn\u00e9tiques-230x153.jpg 230w\" sizes=\"auto, (max-width: 600px) 100vw, 600px\" \/><\/a><figcaption><a href=\"https:\/\/www.mlemagnet.com\/fr\/fermeture-magnetique-pour-emballages-flexibles-en-grande-serie\/\" target=\"_blank\" rel=\"noreferrer noopener\">Fermeture magn\u00e9tique flexible<\/a><\/figcaption><\/figure><\/div>\n\n\n<a class=\"maxbutton-4 maxbutton maxbutton-savoirplusflex\" target=\"_blank\" title=\"Voir les fermeture magn\u00e9tiques pour emballages flexibles\" rel=\"noopener\" href=\"\/fr\/fermeture-magnetique-pour-emballages-flexibles\/\"><span class='mb-text'>Pour en savoir plus<\/span><\/a>\n\n\n<h3 class=\"has-text-color wp-block-heading\" style=\"color:#953735\">2- <a href=\"https:\/\/www.mlemagnet.com\/fr\/la-pose-automatique-daimants-en-grande-serie-enfin-possible\/\" target=\"_blank\" rel=\"noreferrer noopener\">D\u00e9velopper la visibilit\u00e9 et la dur\u00e9e de vie de vos supports de communication<\/a><\/h3>\n\n\n\n<p>Avec des m\u00e9dias aimant\u00e9s, l&rsquo;horizontal devient vertical et tout devient visible&#8230; plus longtemps.<\/p>\n\n\n\n<div class=\"wp-block-image\"><figure class=\"aligncenter is-resized\"><a href=\"https:\/\/www.mlemagnet.com\/fr\/la-pose-automatique-daimants-en-grande-serie-enfin-possible\/\" target=\"_blank\" rel=\"noopener noreferrer\"><img loading=\"lazy\" decoding=\"async\" src=\"https:\/\/www.mlemagnet.com\/fr\/wp-content\/uploads\/2020\/05\/white-tailed-eagle-416795_1920-1024x576.jpg\" alt=\"M le Magnet - avec des aimants tout devient plus visible  plus longtemps\" class=\"wp-image-1072\" width=\"600\" height=\"336\" srcset=\"https:\/\/www.mlemagnet.com\/fr\/wp-content\/uploads\/2020\/05\/white-tailed-eagle-416795_1920-300x169.jpg 300w, https:\/\/www.mlemagnet.com\/fr\/wp-content\/uploads\/2020\/05\/white-tailed-eagle-416795_1920-230x129.jpg 230w, https:\/\/www.mlemagnet.com\/fr\/wp-content\/uploads\/2020\/05\/white-tailed-eagle-416795_1920-350x197.jpg 350w, https:\/\/www.mlemagnet.com\/fr\/wp-content\/uploads\/2020\/05\/white-tailed-eagle-416795_1920-480x270.jpg 480w\" sizes=\"auto, (max-width: 600px) 100vw, 600px\" \/><\/a><figcaption><a href=\"https:\/\/www.mlemagnet.com\/fr\/la-pose-automatique-daimants-en-grande-serie-enfin-possible\/\" target=\"_blank\" rel=\"noreferrer noopener\">Visible dans l&rsquo;espace et dans le temps<\/a><\/figcaption><\/figure><\/div>\n\n\n<a class=\"maxbutton-5 maxbutton maxbutton-savoirplusdot\" target=\"_blank\" title=\"Voir les fermeture magn\u00e9tiques pour emballages flexibles\" rel=\"noopener\" href=\"\/fr\/la-pose-automatique-daimants-en-grande-serie-enfin-possible\/\"><span class='mb-text'>Pour en savoir plus<\/span><\/a>\n\n\n<h3 class=\"has-text-color wp-block-heading\" style=\"color:#953735\">3- <a href=\"https:\/\/www.mlemagnet.com\/fr\/idee-dapplications\/\" target=\"_blank\" rel=\"noreferrer noopener\">Augmenter l&rsquo;attractivit\u00e9 de vos produits<\/a><\/h3>\n\n\n\n<p>Un aimant est par essence captivant et appelle \u00e0 \u00eatre manipuler.  Votre produit prend vie,  il devient diff\u00e9rent et ludique pour vos cibles.<\/p>\n\n\n\n<div class=\"wp-block-image\"><figure class=\"aligncenter is-resized\"><a href=\"https:\/\/www.mlemagnet.com\/fr\/idee-dapplications\/\" target=\"_blank\" rel=\"noopener noreferrer\"><img loading=\"lazy\" decoding=\"async\" src=\"https:\/\/www.mlemagnet.com\/fr\/wp-content\/uploads\/2020\/05\/M-le-magnet-fermetures-attractivit\u00e9-de-vos-produits-1024x678.jpg\" alt=\"M le magnet fermetures ludiques pour une meilleure attractivit\u00e9 de vos produits \" class=\"wp-image-1199\" width=\"600\" height=\"393\"\/><\/a><figcaption><a href=\"https:\/\/www.mlemagnet.com\/fr\/idee-dapplications\/\" target=\"_blank\" rel=\"noreferrer noopener\">Diff\u00e9rent et remarquable<\/a><\/figcaption><\/figure><\/div>\n\n\n<a class=\"maxbutton-3 maxbutton maxbutton-savoirplusidapp\" target=\"_blank\" title=\"Voir les id\u00e9es d&#039;applications\" rel=\"noopener\" href=\"\/fr\/idee-dapplications\/\"><span class='mb-text'>Pour en savoir plus<\/span><\/a>\n\n\n<p>Vous cherchez une solution pour aimants grande s\u00e9rie magnet, n&rsquo;h\u00e9sitez pas \u00e0 nous contacter : <a href=\"https:\/\/www.mlemagnet.com\/fr\/aimant-magnet-contact-documentation\/\" target=\"_blank\" rel=\"noreferrer noopener\">cliquez ici<\/a><\/p>\n","protected":false},"excerpt":{"rendered":"<p>aimants grande s\u00e9rie magnet M Le Magnet offre une solution d&rsquo;aimants pour les productions en grande s\u00e9rie, que vous soyez: une marque, [&hellip;]<\/p>\n","protected":false},"author":1,"featured_media":1852,"parent":0,"menu_order":0,"comment_status":"closed","ping_status":"open","template":"","meta":{"footnotes":""},"class_list":["post-2","page","type-page","status-publish","has-post-thumbnail","hentry"],"yoast_head":"<!-- This site is optimized with the Yoast SEO plugin v22.3 - https:\/\/yoast.com\/wordpress\/plugins\/seo\/ -->\n<title>aimants grande s\u00e9rie magnet - avec M le magnet devenez magnetique<\/title>\n<meta name=\"description\" content=\"Pose automatique d&#039;aimants en s\u00e9rie pour aimants grande s\u00e9rie magnet : Choisissez votre solution M le magnet en pose automatique\" \/>\n<meta name=\"robots\" content=\"index, follow, max-snippet:-1, max-video-preview:-1, noimageindex\" \/>\n<link rel=\"canonical\" href=\"https:\/\/www.mlemagnet.com\/fr\/\" \/>\n<meta property=\"og:locale\" content=\"fr_FR\" \/>\n<meta property=\"og:type\" content=\"article\" \/>\n<meta property=\"og:title\" content=\"aimants grande s\u00e9rie magnet - avec M le magnet devenez magnetique\" \/>\n<meta property=\"og:description\" content=\"Pose automatique d&#039;aimants en s\u00e9rie pour aimants grande s\u00e9rie magnet : Choisissez votre solution M le magnet en pose automatique\" \/>\n<meta property=\"og:url\" content=\"https:\/\/www.mlemagnet.com\/fr\/\" \/>\n<meta property=\"og:site_name\" content=\"M le magnet\" \/>\n<meta property=\"article:modified_time\" content=\"2020-12-10T17:32:58+00:00\" \/>\n<meta property=\"og:image\" content=\"https:\/\/www.mlemagnet.com\/fr\/wp-content\/uploads\/2020\/11\/M-le-Magnet-presente-Magneclose.gif\" \/>\n\t<meta property=\"og:image:width\" content=\"656\" \/>\n\t<meta property=\"og:image:height\" content=\"368\" \/>\n\t<meta property=\"og:image:type\" content=\"image\/gif\" \/>\n<meta name=\"twitter:card\" content=\"summary_large_image\" \/>\n<meta name=\"twitter:label1\" content=\"Dur\u00e9e de lecture estim\u00e9e\" \/>\n\t<meta name=\"twitter:data1\" content=\"1 minute\" \/>\n<script type=\"application\/ld+json\" class=\"yoast-schema-graph\">{\"@context\":\"https:\/\/schema.org\",\"@graph\":[{\"@type\":\"WebPage\",\"@id\":\"https:\/\/www.mlemagnet.com\/fr\/\",\"url\":\"https:\/\/www.mlemagnet.com\/fr\/\",\"name\":\"aimants grande s\u00e9rie magnet - avec M le magnet devenez magnetique\",\"isPartOf\":{\"@id\":\"https:\/\/www.mlemagnet.com\/fr\/#website\"},\"primaryImageOfPage\":{\"@id\":\"https:\/\/www.mlemagnet.com\/fr\/#primaryimage\"},\"image\":{\"@id\":\"https:\/\/www.mlemagnet.com\/fr\/#primaryimage\"},\"thumbnailUrl\":\"https:\/\/www.mlemagnet.com\/fr\/wp-content\/uploads\/2020\/11\/M-le-Magnet-presente-Magneclose.gif\",\"datePublished\":\"2020-04-03T09:11:25+00:00\",\"dateModified\":\"2020-12-10T17:32:58+00:00\",\"description\":\"Pose automatique d&#039;aimants en s\u00e9rie pour aimants grande s\u00e9rie magnet : Choisissez votre solution M le magnet en pose automatique\",\"breadcrumb\":{\"@id\":\"https:\/\/www.mlemagnet.com\/fr\/#breadcrumb\"},\"inLanguage\":\"fr-FR\",\"potentialAction\":[{\"@type\":\"ReadAction\",\"target\":[\"https:\/\/www.mlemagnet.com\/fr\/\"]}]},{\"@type\":\"ImageObject\",\"inLanguage\":\"fr-FR\",\"@id\":\"https:\/\/www.mlemagnet.com\/fr\/#primaryimage\",\"url\":\"https:\/\/www.mlemagnet.com\/fr\/wp-content\/uploads\/2020\/11\/M-le-Magnet-presente-Magneclose.gif\",\"contentUrl\":\"https:\/\/www.mlemagnet.com\/fr\/wp-content\/uploads\/2020\/11\/M-le-Magnet-presente-Magneclose.gif\",\"width\":656,\"height\":368},{\"@type\":\"BreadcrumbList\",\"@id\":\"https:\/\/www.mlemagnet.com\/fr\/#breadcrumb\",\"itemListElement\":[{\"@type\":\"ListItem\",\"position\":1,\"name\":\"Accueil\",\"item\":\"https:\/\/www.mlemagnet.com\/fr\/\"},{\"@type\":\"ListItem\",\"position\":2,\"name\":\"Avec M le Magnet, vous devenez magn\u00e9tique!\"}]},{\"@type\":\"WebSite\",\"@id\":\"https:\/\/www.mlemagnet.com\/fr\/#website\",\"url\":\"https:\/\/www.mlemagnet.com\/fr\/\",\"name\":\"M le magnet\",\"description\":\"Pose automatique d&#039;aimants en s\u00e9rie\",\"publisher\":{\"@id\":\"https:\/\/www.mlemagnet.com\/fr\/#organization\"},\"potentialAction\":[{\"@type\":\"SearchAction\",\"target\":{\"@type\":\"EntryPoint\",\"urlTemplate\":\"https:\/\/www.mlemagnet.com\/fr\/?s={search_term_string}\"},\"query-input\":\"required name=search_term_string\"}],\"inLanguage\":\"fr-FR\"},{\"@type\":\"Organization\",\"@id\":\"https:\/\/www.mlemagnet.com\/fr\/#organization\",\"name\":\"M le Magnet by IPT\",\"url\":\"https:\/\/www.mlemagnet.com\/fr\/\",\"logo\":{\"@type\":\"ImageObject\",\"inLanguage\":\"fr-FR\",\"@id\":\"https:\/\/www.mlemagnet.com\/fr\/#\/schema\/logo\/image\/\",\"url\":\"\",\"contentUrl\":\"\",\"caption\":\"M le Magnet by IPT\"},\"image\":{\"@id\":\"https:\/\/www.mlemagnet.com\/fr\/#\/schema\/logo\/image\/\"},\"sameAs\":[\"https:\/\/youtube.com\/c\/JacquesPajot\"]}]}<\/script>\n<!-- \/ Yoast SEO plugin. -->","yoast_head_json":{"title":"aimants grande s\u00e9rie magnet - avec M le magnet devenez magnetique","description":"Pose automatique d&#039;aimants en s\u00e9rie pour aimants grande s\u00e9rie magnet : Choisissez votre solution M le magnet en pose automatique","robots":{"index":"index","follow":"follow","max-snippet":"max-snippet:-1","max-video-preview":"max-video-preview:-1","imageindex":"noimageindex"},"canonical":"https:\/\/www.mlemagnet.com\/fr\/","og_locale":"fr_FR","og_type":"article","og_title":"aimants grande s\u00e9rie magnet - avec M le magnet devenez magnetique","og_description":"Pose automatique d&#039;aimants en s\u00e9rie pour aimants grande s\u00e9rie magnet : Choisissez votre solution M le magnet en pose automatique","og_url":"https:\/\/www.mlemagnet.com\/fr\/","og_site_name":"M le magnet","article_modified_time":"2020-12-10T17:32:58+00:00","og_image":[{"width":656,"height":368,"url":"https:\/\/www.mlemagnet.com\/fr\/wp-content\/uploads\/2020\/11\/M-le-Magnet-presente-Magneclose.gif","type":"image\/gif"}],"twitter_card":"summary_large_image","twitter_misc":{"Dur\u00e9e de lecture estim\u00e9e":"1 minute"},"schema":{"@context":"https:\/\/schema.org","@graph":[{"@type":"WebPage","@id":"https:\/\/www.mlemagnet.com\/fr\/","url":"https:\/\/www.mlemagnet.com\/fr\/","name":"aimants grande s\u00e9rie magnet - avec M le magnet devenez magnetique","isPartOf":{"@id":"https:\/\/www.mlemagnet.com\/fr\/#website"},"primaryImageOfPage":{"@id":"https:\/\/www.mlemagnet.com\/fr\/#primaryimage"},"image":{"@id":"https:\/\/www.mlemagnet.com\/fr\/#primaryimage"},"thumbnailUrl":"https:\/\/www.mlemagnet.com\/fr\/wp-content\/uploads\/2020\/11\/M-le-Magnet-presente-Magneclose.gif","datePublished":"2020-04-03T09:11:25+00:00","dateModified":"2020-12-10T17:32:58+00:00","description":"Pose automatique d&#039;aimants en s\u00e9rie pour aimants grande s\u00e9rie magnet : Choisissez votre solution M le magnet en pose automatique","breadcrumb":{"@id":"https:\/\/www.mlemagnet.com\/fr\/#breadcrumb"},"inLanguage":"fr-FR","potentialAction":[{"@type":"ReadAction","target":["https:\/\/www.mlemagnet.com\/fr\/"]}]},{"@type":"ImageObject","inLanguage":"fr-FR","@id":"https:\/\/www.mlemagnet.com\/fr\/#primaryimage","url":"https:\/\/www.mlemagnet.com\/fr\/wp-content\/uploads\/2020\/11\/M-le-Magnet-presente-Magneclose.gif","contentUrl":"https:\/\/www.mlemagnet.com\/fr\/wp-content\/uploads\/2020\/11\/M-le-Magnet-presente-Magneclose.gif","width":656,"height":368},{"@type":"BreadcrumbList","@id":"https:\/\/www.mlemagnet.com\/fr\/#breadcrumb","itemListElement":[{"@type":"ListItem","position":1,"name":"Accueil","item":"https:\/\/www.mlemagnet.com\/fr\/"},{"@type":"ListItem","position":2,"name":"Avec M le Magnet, vous devenez magn\u00e9tique!"}]},{"@type":"WebSite","@id":"https:\/\/www.mlemagnet.com\/fr\/#website","url":"https:\/\/www.mlemagnet.com\/fr\/","name":"M le magnet","description":"Pose automatique d&#039;aimants en s\u00e9rie","publisher":{"@id":"https:\/\/www.mlemagnet.com\/fr\/#organization"},"potentialAction":[{"@type":"SearchAction","target":{"@type":"EntryPoint","urlTemplate":"https:\/\/www.mlemagnet.com\/fr\/?s={search_term_string}"},"query-input":"required name=search_term_string"}],"inLanguage":"fr-FR"},{"@type":"Organization","@id":"https:\/\/www.mlemagnet.com\/fr\/#organization","name":"M le Magnet by IPT","url":"https:\/\/www.mlemagnet.com\/fr\/","logo":{"@type":"ImageObject","inLanguage":"fr-FR","@id":"https:\/\/www.mlemagnet.com\/fr\/#\/schema\/logo\/image\/","url":"","contentUrl":"","caption":"M le Magnet by IPT"},"image":{"@id":"https:\/\/www.mlemagnet.com\/fr\/#\/schema\/logo\/image\/"},"sameAs":["https:\/\/youtube.com\/c\/JacquesPajot"]}]}},"jetpack_sharing_enabled":true,"_links":{"self":[{"href":"https:\/\/www.mlemagnet.com\/fr\/wp-json\/wp\/v2\/pages\/2","targetHints":{"allow":["GET"]}}],"collection":[{"href":"https:\/\/www.mlemagnet.com\/fr\/wp-json\/wp\/v2\/pages"}],"about":[{"href":"https:\/\/www.mlemagnet.com\/fr\/wp-json\/wp\/v2\/types\/page"}],"author":[{"embeddable":true,"href":"https:\/\/www.mlemagnet.com\/fr\/wp-json\/wp\/v2\/users\/1"}],"replies":[{"embeddable":true,"href":"https:\/\/www.mlemagnet.com\/fr\/wp-json\/wp\/v2\/comments?post=2"}],"version-history":[{"count":9,"href":"https:\/\/www.mlemagnet.com\/fr\/wp-json\/wp\/v2\/pages\/2\/revisions"}],"predecessor-version":[{"id":2059,"href":"https:\/\/www.mlemagnet.com\/fr\/wp-json\/wp\/v2\/pages\/2\/revisions\/2059"}],"wp:featuredmedia":[{"embeddable":true,"href":"https:\/\/www.mlemagnet.com\/fr\/wp-json\/wp\/v2\/media\/1852"}],"wp:attachment":[{"href":"https:\/\/www.mlemagnet.com\/fr\/wp-json\/wp\/v2\/media?parent=2"}],"curies":[{"name":"wp","href":"https:\/\/api.w.org\/{rel}","templated":true}]}}