{"id":410,"date":"2020-04-19T18:53:41","date_gmt":"2020-04-19T16:53:41","guid":{"rendered":"https:\/\/www.mlemagnet.com\/fr\/?page_id=410"},"modified":"2020-04-19T19:24:50","modified_gmt":"2020-04-19T17:24:50","slug":"mentions-legales","status":"publish","type":"page","link":"https:\/\/www.mlemagnet.com\/fr\/mentions-legales\/","title":{"rendered":"Mentions l\u00e9gales"},"content":{"rendered":"\n<p><strong>Identification<\/strong><\/p>\n\n\n\n<div class=\"wp-block-image\"><figure class=\"alignright is-resized\"><img loading=\"lazy\" decoding=\"async\" src=\"https:\/\/www.mlemagnet.com\/fr\/wp-content\/uploads\/2020\/04\/logo-IPT-small.jpg\" alt=\"\" class=\"wp-image-6\" width=\"179\" height=\"179\"\/><\/figure><\/div>\n\n\n\n<ul class=\"wp-block-list\"><li>International Pajot Trading SARL &#8211; IPT<ul><li>Adresse du si\u00e8ge social : 1, rue du 6 juin 1944 92100 Boulogne France<\/li><li>Tel : +33 6 09 79 49 90 &#8211; courrier \u00e9lectronique : contact@mlemagnet.com <\/li><li> Soci\u00e9t\u00e9 \u00e0 responsabilit\u00e9 limit\u00e9e (SARL) <\/li><li>Capital de 9 000 \u20ac <\/li><li>SIRET: 47952594100015 <\/li><li>NAF-APE: 4649Z &#8211; RCS\/RM: R.C.S. Nanterre <\/li><li>Num. TVA: FR32479525941 <\/li><li>Directeur de la publication : Jacques Pajot<\/li><\/ul><\/li><li>H\u00e9bergement : O2switch, (o2switch O2SERVICE O2GO O2SWITCH SERVICES)<ul><li>SARL au capital de 100000\u20ac   <\/li><\/ul><ul><li>224 BD GUSTAVE FLAUBERT 63000 CLERMONT-FERRAND<\/li><\/ul><ul><li>Siret : 510 909 80700024 &#8211; RCS Clermont Ferrand <\/li><li>num\u00e9ro de t\u00e9l\u00e9phone 04 44 44 60 40<\/li><li> Op\u00e9rateur T\u00e9l\u00e9com d\u00e9clar\u00e9 ARCEP &#8211; Propri\u00e9taire de son r\u00e9seau AS50474  <\/li><\/ul><\/li><\/ul>\n","protected":false},"excerpt":{"rendered":"<p>Identification International Pajot Trading SARL &#8211; IPT Adresse du si\u00e8ge social : 1, rue du 6 juin 1944 92100 Boulogne France Tel [&hellip;]<\/p>\n","protected":false},"author":1,"featured_media":0,"parent":0,"menu_order":0,"comment_status":"closed","ping_status":"closed","template":"","meta":{"footnotes":""},"class_list":["post-410","page","type-page","status-publish","hentry"],"yoast_head":"<!-- This site is optimized with the Yoast SEO plugin v22.3 - https:\/\/yoast.com\/wordpress\/plugins\/seo\/ -->\n<title>Mentions l\u00e9gales - M le magnet<\/title>\n<meta name=\"robots\" content=\"index, follow, max-snippet:-1, max-image-preview:large, max-video-preview:-1\" \/>\n<link rel=\"canonical\" href=\"https:\/\/www.mlemagnet.com\/fr\/mentions-legales\/\" \/>\n<meta property=\"og:locale\" content=\"fr_FR\" \/>\n<meta property=\"og:type\" content=\"article\" \/>\n<meta property=\"og:title\" content=\"Mentions l\u00e9gales - M le magnet\" \/>\n<meta property=\"og:description\" content=\"Identification International Pajot Trading SARL &#8211; IPT Adresse du si\u00e8ge social : 1, rue du 6 juin 1944 92100 Boulogne France Tel [&hellip;]\" \/>\n<meta property=\"og:url\" content=\"https:\/\/www.mlemagnet.com\/fr\/mentions-legales\/\" \/>\n<meta property=\"og:site_name\" content=\"M le magnet\" \/>\n<meta property=\"article:modified_time\" content=\"2020-04-19T17:24:50+00:00\" \/>\n<meta property=\"og:image\" content=\"https:\/\/www.mlemagnet.com\/fr\/wp-content\/uploads\/2020\/04\/logo-IPT-small.jpg\" \/>\n<meta name=\"twitter:card\" content=\"summary_large_image\" \/>\n<script type=\"application\/ld+json\" class=\"yoast-schema-graph\">{\"@context\":\"https:\/\/schema.org\",\"@graph\":[{\"@type\":\"WebPage\",\"@id\":\"https:\/\/www.mlemagnet.com\/fr\/mentions-legales\/\",\"url\":\"https:\/\/www.mlemagnet.com\/fr\/mentions-legales\/\",\"name\":\"Mentions l\u00e9gales - M le magnet\",\"isPartOf\":{\"@id\":\"https:\/\/www.mlemagnet.com\/fr\/#website\"},\"primaryImageOfPage\":{\"@id\":\"https:\/\/www.mlemagnet.com\/fr\/mentions-legales\/#primaryimage\"},\"image\":{\"@id\":\"https:\/\/www.mlemagnet.com\/fr\/mentions-legales\/#primaryimage\"},\"thumbnailUrl\":\"https:\/\/www.mlemagnet.com\/fr\/wp-content\/uploads\/2020\/04\/logo-IPT-small.jpg\",\"datePublished\":\"2020-04-19T16:53:41+00:00\",\"dateModified\":\"2020-04-19T17:24:50+00:00\",\"breadcrumb\":{\"@id\":\"https:\/\/www.mlemagnet.com\/fr\/mentions-legales\/#breadcrumb\"},\"inLanguage\":\"fr-FR\",\"potentialAction\":[{\"@type\":\"ReadAction\",\"target\":[\"https:\/\/www.mlemagnet.com\/fr\/mentions-legales\/\"]}]},{\"@type\":\"ImageObject\",\"inLanguage\":\"fr-FR\",\"@id\":\"https:\/\/www.mlemagnet.com\/fr\/mentions-legales\/#primaryimage\",\"url\":\"\",\"contentUrl\":\"\"},{\"@type\":\"BreadcrumbList\",\"@id\":\"https:\/\/www.mlemagnet.com\/fr\/mentions-legales\/#breadcrumb\",\"itemListElement\":[{\"@type\":\"ListItem\",\"position\":1,\"name\":\"Accueil\",\"item\":\"https:\/\/www.mlemagnet.com\/fr\/\"},{\"@type\":\"ListItem\",\"position\":2,\"name\":\"Mentions l\u00e9gales\"}]},{\"@type\":\"WebSite\",\"@id\":\"https:\/\/www.mlemagnet.com\/fr\/#website\",\"url\":\"https:\/\/www.mlemagnet.com\/fr\/\",\"name\":\"M le magnet\",\"description\":\"Pose automatique d&#039;aimants en s\u00e9rie\",\"publisher\":{\"@id\":\"https:\/\/www.mlemagnet.com\/fr\/#organization\"},\"potentialAction\":[{\"@type\":\"SearchAction\",\"target\":{\"@type\":\"EntryPoint\",\"urlTemplate\":\"https:\/\/www.mlemagnet.com\/fr\/?s={search_term_string}\"},\"query-input\":\"required name=search_term_string\"}],\"inLanguage\":\"fr-FR\"},{\"@type\":\"Organization\",\"@id\":\"https:\/\/www.mlemagnet.com\/fr\/#organization\",\"name\":\"M le Magnet by IPT\",\"url\":\"https:\/\/www.mlemagnet.com\/fr\/\",\"logo\":{\"@type\":\"ImageObject\",\"inLanguage\":\"fr-FR\",\"@id\":\"https:\/\/www.mlemagnet.com\/fr\/#\/schema\/logo\/image\/\",\"url\":\"\",\"contentUrl\":\"\",\"caption\":\"M le Magnet by IPT\"},\"image\":{\"@id\":\"https:\/\/www.mlemagnet.com\/fr\/#\/schema\/logo\/image\/\"},\"sameAs\":[\"https:\/\/youtube.com\/c\/JacquesPajot\"]}]}<\/script>\n<!-- \/ Yoast SEO plugin. -->","yoast_head_json":{"title":"Mentions l\u00e9gales - M le magnet","robots":{"index":"index","follow":"follow","max-snippet":"max-snippet:-1","max-image-preview":"max-image-preview:large","max-video-preview":"max-video-preview:-1"},"canonical":"https:\/\/www.mlemagnet.com\/fr\/mentions-legales\/","og_locale":"fr_FR","og_type":"article","og_title":"Mentions l\u00e9gales - M le magnet","og_description":"Identification International Pajot Trading SARL &#8211; IPT Adresse du si\u00e8ge social : 1, rue du 6 juin 1944 92100 Boulogne France Tel [&hellip;]","og_url":"https:\/\/www.mlemagnet.com\/fr\/mentions-legales\/","og_site_name":"M le magnet","article_modified_time":"2020-04-19T17:24:50+00:00","og_image":[{"url":"https:\/\/www.mlemagnet.com\/fr\/wp-content\/uploads\/2020\/04\/logo-IPT-small.jpg"}],"twitter_card":"summary_large_image","schema":{"@context":"https:\/\/schema.org","@graph":[{"@type":"WebPage","@id":"https:\/\/www.mlemagnet.com\/fr\/mentions-legales\/","url":"https:\/\/www.mlemagnet.com\/fr\/mentions-legales\/","name":"Mentions l\u00e9gales - M le magnet","isPartOf":{"@id":"https:\/\/www.mlemagnet.com\/fr\/#website"},"primaryImageOfPage":{"@id":"https:\/\/www.mlemagnet.com\/fr\/mentions-legales\/#primaryimage"},"image":{"@id":"https:\/\/www.mlemagnet.com\/fr\/mentions-legales\/#primaryimage"},"thumbnailUrl":"https:\/\/www.mlemagnet.com\/fr\/wp-content\/uploads\/2020\/04\/logo-IPT-small.jpg","datePublished":"2020-04-19T16:53:41+00:00","dateModified":"2020-04-19T17:24:50+00:00","breadcrumb":{"@id":"https:\/\/www.mlemagnet.com\/fr\/mentions-legales\/#breadcrumb"},"inLanguage":"fr-FR","potentialAction":[{"@type":"ReadAction","target":["https:\/\/www.mlemagnet.com\/fr\/mentions-legales\/"]}]},{"@type":"ImageObject","inLanguage":"fr-FR","@id":"https:\/\/www.mlemagnet.com\/fr\/mentions-legales\/#primaryimage","url":"","contentUrl":""},{"@type":"BreadcrumbList","@id":"https:\/\/www.mlemagnet.com\/fr\/mentions-legales\/#breadcrumb","itemListElement":[{"@type":"ListItem","position":1,"name":"Accueil","item":"https:\/\/www.mlemagnet.com\/fr\/"},{"@type":"ListItem","position":2,"name":"Mentions l\u00e9gales"}]},{"@type":"WebSite","@id":"https:\/\/www.mlemagnet.com\/fr\/#website","url":"https:\/\/www.mlemagnet.com\/fr\/","name":"M le magnet","description":"Pose automatique d&#039;aimants en s\u00e9rie","publisher":{"@id":"https:\/\/www.mlemagnet.com\/fr\/#organization"},"potentialAction":[{"@type":"SearchAction","target":{"@type":"EntryPoint","urlTemplate":"https:\/\/www.mlemagnet.com\/fr\/?s={search_term_string}"},"query-input":"required name=search_term_string"}],"inLanguage":"fr-FR"},{"@type":"Organization","@id":"https:\/\/www.mlemagnet.com\/fr\/#organization","name":"M le Magnet by IPT","url":"https:\/\/www.mlemagnet.com\/fr\/","logo":{"@type":"ImageObject","inLanguage":"fr-FR","@id":"https:\/\/www.mlemagnet.com\/fr\/#\/schema\/logo\/image\/","url":"","contentUrl":"","caption":"M le Magnet by IPT"},"image":{"@id":"https:\/\/www.mlemagnet.com\/fr\/#\/schema\/logo\/image\/"},"sameAs":["https:\/\/youtube.com\/c\/JacquesPajot"]}]}},"jetpack_sharing_enabled":true,"_links":{"self":[{"href":"https:\/\/www.mlemagnet.com\/fr\/wp-json\/wp\/v2\/pages\/410","targetHints":{"allow":["GET"]}}],"collection":[{"href":"https:\/\/www.mlemagnet.com\/fr\/wp-json\/wp\/v2\/pages"}],"about":[{"href":"https:\/\/www.mlemagnet.com\/fr\/wp-json\/wp\/v2\/types\/page"}],"author":[{"embeddable":true,"href":"https:\/\/www.mlemagnet.com\/fr\/wp-json\/wp\/v2\/users\/1"}],"replies":[{"embeddable":true,"href":"https:\/\/www.mlemagnet.com\/fr\/wp-json\/wp\/v2\/comments?post=410"}],"version-history":[{"count":7,"href":"https:\/\/www.mlemagnet.com\/fr\/wp-json\/wp\/v2\/pages\/410\/revisions"}],"predecessor-version":[{"id":428,"href":"https:\/\/www.mlemagnet.com\/fr\/wp-json\/wp\/v2\/pages\/410\/revisions\/428"}],"wp:attachment":[{"href":"https:\/\/www.mlemagnet.com\/fr\/wp-json\/wp\/v2\/media?parent=410"}],"curies":[{"name":"wp","href":"https:\/\/api.w.org\/{rel}","templated":true}]}}