{"id":437,"date":"2020-04-20T11:53:57","date_gmt":"2020-04-20T09:53:57","guid":{"rendered":"https:\/\/www.mlemagnet.com\/fr\/?page_id=437"},"modified":"2020-11-20T10:57:21","modified_gmt":"2020-11-20T09:57:21","slug":"faq-m-le-magnet","status":"publish","type":"page","link":"https:\/\/www.mlemagnet.com\/fr\/faq-m-le-magnet\/","title":{"rendered":"FAQ &#8211; pour en savoir un peu plus !"},"content":{"rendered":"\n<figure class=\"wp-block-gallery columns-3 is-cropped wp-block-gallery-1 is-layout-flex wp-block-gallery-is-layout-flex\"><ul class=\"blocks-gallery-grid\"><li class=\"blocks-gallery-item\"><figure><img loading=\"lazy\" decoding=\"async\" width=\"656\" height=\"368\" src=\"https:\/\/www.mlemagnet.com\/fr\/wp-content\/uploads\/2020\/11\/M-LE-magnet-fermeture-puissante.gif\" alt=\"MleMagnet-fermeture-puissante\" data-id=\"1859\" data-full-url=\"https:\/\/www.mlemagnet.com\/fr\/wp-content\/uploads\/2020\/11\/M-LE-magnet-fermeture-puissante.gif\" data-link=\"https:\/\/www.mlemagnet.com\/fr\/fermeture-magnetique-emballage-flexible\/m-le-magnet-fermeture-puissante\/\" class=\"wp-image-1859\"\/><figcaption class=\"blocks-gallery-item__caption\">Emballage flexible<\/figcaption><\/figure><\/li><li class=\"blocks-gallery-item\"><figure><img loading=\"lazy\" decoding=\"async\" width=\"656\" height=\"368\" src=\"https:\/\/www.mlemagnet.com\/fr\/wp-content\/uploads\/2020\/11\/carre-sur-boite-656x368-1.gif\" alt=\"\" data-id=\"1832\" data-full-url=\"https:\/\/www.mlemagnet.com\/fr\/wp-content\/uploads\/2020\/11\/carre-sur-boite-656x368-1.gif\" data-link=\"https:\/\/www.mlemagnet.com\/fr\/carre-sur-boite-656x368\/\" class=\"wp-image-1832\"\/><figcaption class=\"blocks-gallery-item__caption\">par etiquetage<\/figcaption><\/figure><\/li><li class=\"blocks-gallery-item\"><figure><img loading=\"lazy\" decoding=\"async\" width=\"1024\" height=\"682\" src=\"https:\/\/www.mlemagnet.com\/fr\/wp-content\/uploads\/2020\/05\/M-le-Magnet-tous-les-packagings-peuvent-se-distinguer-1-1024x682.gif\" alt=\"M le Magnet, tous les packagings peuvent se distinguer\" data-id=\"1204\" data-full-url=\"https:\/\/www.mlemagnet.com\/fr\/wp-content\/uploads\/2020\/05\/M-le-Magnet-tous-les-packagings-peuvent-se-distinguer-1.gif\" data-link=\"https:\/\/www.mlemagnet.com\/fr\/?attachment_id=1204\" class=\"wp-image-1204\" srcset=\"https:\/\/www.mlemagnet.com\/fr\/wp-content\/uploads\/2020\/05\/M-le-Magnet-tous-les-packagings-peuvent-se-distinguer-1-1024x682.gif 1024w, https:\/\/www.mlemagnet.com\/fr\/wp-content\/uploads\/2020\/05\/M-le-Magnet-tous-les-packagings-peuvent-se-distinguer-1-300x200.gif 300w, https:\/\/www.mlemagnet.com\/fr\/wp-content\/uploads\/2020\/05\/M-le-Magnet-tous-les-packagings-peuvent-se-distinguer-1-768x512.gif 768w, https:\/\/www.mlemagnet.com\/fr\/wp-content\/uploads\/2020\/05\/M-le-Magnet-tous-les-packagings-peuvent-se-distinguer-1-830x553.gif 830w, https:\/\/www.mlemagnet.com\/fr\/wp-content\/uploads\/2020\/05\/M-le-Magnet-tous-les-packagings-peuvent-se-distinguer-1-230x153.gif 230w, https:\/\/www.mlemagnet.com\/fr\/wp-content\/uploads\/2020\/05\/M-le-Magnet-tous-les-packagings-peuvent-se-distinguer-1-350x233.gif 350w, https:\/\/www.mlemagnet.com\/fr\/wp-content\/uploads\/2020\/05\/M-le-Magnet-tous-les-packagings-peuvent-se-distinguer-1-480x320.gif 480w\" sizes=\"auto, (max-width: 1024px) 100vw, 1024px\" \/><figcaption class=\"blocks-gallery-item__caption\">Boites fa\u00e7onn\u00e9es<\/figcaption><\/figure><\/li><\/ul><\/figure>\n\n\n\n<h2 class=\"has-text-align-center has-text-color wp-block-heading\" style=\"color:#953735\"><a href=\"http:\/\/www.mlemagnet.com\">www.mlemagnet.com<\/a> <\/h2>\n\n\n\n<div class=\"wp-block-image is-style-default\"><figure class=\"aligncenter size-large is-resized\"><img loading=\"lazy\" decoding=\"async\" src=\"https:\/\/www.mlemagnet.com\/fr\/wp-content\/uploads\/2020\/11\/M-le-Magnet-by-IPT-clear-background.png\" alt=\"\" class=\"wp-image-1833\" width=\"409\" height=\"166\" srcset=\"https:\/\/www.mlemagnet.com\/fr\/wp-content\/uploads\/2020\/11\/M-le-Magnet-by-IPT-clear-background.png 409w, https:\/\/www.mlemagnet.com\/fr\/wp-content\/uploads\/2020\/11\/M-le-Magnet-by-IPT-clear-background-300x122.png 300w, https:\/\/www.mlemagnet.com\/fr\/wp-content\/uploads\/2020\/11\/M-le-Magnet-by-IPT-clear-background-230x93.png 230w, https:\/\/www.mlemagnet.com\/fr\/wp-content\/uploads\/2020\/11\/M-le-Magnet-by-IPT-clear-background-350x142.png 350w\" sizes=\"auto, (max-width: 409px) 100vw, 409px\" \/><\/figure><\/div>\n\n\n\n<h2 class=\"has-text-align-center has-text-color wp-block-heading\" style=\"color:#953735\"><a href=\"http:\/\/www.magneclose.com\">www.magneclose.com<\/a><\/h2>\n\n\n\n<figure class=\"wp-block-image size-large is-style-default\"><img loading=\"lazy\" decoding=\"async\" width=\"1024\" height=\"172\" src=\"https:\/\/www.mlemagnet.com\/fr\/wp-content\/uploads\/2020\/06\/M-le-Magnet-Magneclose-clear-background-1024x172.png\" alt=\"\" class=\"wp-image-1861\" srcset=\"https:\/\/www.mlemagnet.com\/fr\/wp-content\/uploads\/2020\/06\/M-le-Magnet-Magneclose-clear-background-1024x172.png 1024w, https:\/\/www.mlemagnet.com\/fr\/wp-content\/uploads\/2020\/06\/M-le-Magnet-Magneclose-clear-background-300x51.png 300w, https:\/\/www.mlemagnet.com\/fr\/wp-content\/uploads\/2020\/06\/M-le-Magnet-Magneclose-clear-background-768x129.png 768w, https:\/\/www.mlemagnet.com\/fr\/wp-content\/uploads\/2020\/06\/M-le-Magnet-Magneclose-clear-background-830x140.png 830w, https:\/\/www.mlemagnet.com\/fr\/wp-content\/uploads\/2020\/06\/M-le-Magnet-Magneclose-clear-background-230x39.png 230w, https:\/\/www.mlemagnet.com\/fr\/wp-content\/uploads\/2020\/06\/M-le-Magnet-Magneclose-clear-background-350x59.png 350w, https:\/\/www.mlemagnet.com\/fr\/wp-content\/uploads\/2020\/06\/M-le-Magnet-Magneclose-clear-background-480x81.png 480w, https:\/\/www.mlemagnet.com\/fr\/wp-content\/uploads\/2020\/06\/M-le-Magnet-Magneclose-clear-background.png 1378w\" sizes=\"auto, (max-width: 1024px) 100vw, 1024px\" \/><\/figure>\n\n\n\n<blockquote class=\"wp-block-quote is-layout-flow wp-block-quote-is-layout-flow\"><p>FAQ pour vous r\u00e9pondre sur les solutions magn\u00e9tiques simples, efficaces et performantes. M le Magnet est l&rsquo;\u00e9tiquette magn\u00e9tique adh\u00e9sive par excellence.<\/p><\/blockquote>\n\n\n\n<h4 class=\"wp-block-heading\">M le Magnet peut-il affecter mon \u00e9quipement ?<\/h4>\n\n\n\n<p>La couche magn\u00e9tique a un impact sur les pi\u00e8ces m\u00e9talliques ferreuses. Il est important de bien choisir la position de son \u00e9tiquette pour le passage optimum dans votre \u00e9quipement. <\/p>\n\n\n\n<h4 class=\"wp-block-heading\">M le Magnet affecte-t-il la vitesse d\u2019impression?<\/h4>\n\n\n\n<p>Non. Une fois, que vous avez pr\u00e9par\u00e9 votre ligne de d\u00e9pose de M le Magnet <a href=\"https:\/\/www.mlemagnet.com\/fr\/aimants-adhesifs-en-application-automatique\/\" target=\"_blank\" rel=\"noreferrer noopener\">Vous devez pouvoir produire \u00e0 vitesse normale<\/a>.<\/p>\n\n\n\n<h4 class=\"wp-block-heading\">M le Magnet peut il supporter des poids lourds?<\/h4>\n\n\n\n<p>Tout produit a ses limites, mais rien n\u2019emp\u00eache d&rsquo;ajouter plusieurs M le Magnet pour renforcer sa puissance. <\/p>\n","protected":false},"excerpt":{"rendered":"<p>www.mlemagnet.com www.magneclose.com FAQ pour vous r\u00e9pondre sur les solutions magn\u00e9tiques simples, efficaces et performantes. M le Magnet est l&rsquo;\u00e9tiquette magn\u00e9tique adh\u00e9sive par [&hellip;]<\/p>\n","protected":false},"author":1,"featured_media":1177,"parent":0,"menu_order":0,"comment_status":"closed","ping_status":"closed","template":"","meta":{"footnotes":""},"class_list":["post-437","page","type-page","status-publish","has-post-thumbnail","hentry"],"yoast_head":"<!-- This site is optimized with the Yoast SEO plugin v22.3 - https:\/\/yoast.com\/wordpress\/plugins\/seo\/ -->\n<title>FAQ - pour en savoir un peu plus ! - M le magnet<\/title>\n<meta name=\"description\" content=\"FAQ pour vous r\u00e9pondre sur les solutions magn\u00e9tiques simples, efficaces et performantes. M le Magnet est l&#039;\u00e9tiquette magnetique adh\u00e9sive\" \/>\n<meta name=\"robots\" content=\"index, follow, max-snippet:-1, max-image-preview:large, max-video-preview:-1\" \/>\n<link rel=\"canonical\" href=\"https:\/\/www.mlemagnet.com\/fr\/faq-m-le-magnet\/\" \/>\n<meta property=\"og:locale\" content=\"fr_FR\" \/>\n<meta property=\"og:type\" content=\"article\" \/>\n<meta property=\"og:title\" content=\"FAQ - pour en savoir un peu plus ! - M le magnet\" \/>\n<meta property=\"og:description\" content=\"FAQ pour vous r\u00e9pondre sur les solutions magn\u00e9tiques simples, efficaces et performantes. M le Magnet est l&#039;\u00e9tiquette magnetique adh\u00e9sive\" \/>\n<meta property=\"og:url\" content=\"https:\/\/www.mlemagnet.com\/fr\/faq-m-le-magnet\/\" \/>\n<meta property=\"og:site_name\" content=\"M le magnet\" \/>\n<meta property=\"article:modified_time\" content=\"2020-11-20T09:57:21+00:00\" \/>\n<meta property=\"og:image\" content=\"https:\/\/www.mlemagnet.com\/fr\/wp-content\/uploads\/2020\/05\/M-le-Magnet-Une-nouvelle-\u00e8re-dans-l\u2019industrie-du-packaging-1.gif\" \/>\n\t<meta property=\"og:image:width\" content=\"640\" \/>\n\t<meta property=\"og:image:height\" content=\"368\" \/>\n\t<meta property=\"og:image:type\" content=\"image\/gif\" \/>\n<meta name=\"twitter:card\" content=\"summary_large_image\" \/>\n<meta name=\"twitter:label1\" content=\"Dur\u00e9e de lecture estim\u00e9e\" \/>\n\t<meta name=\"twitter:data1\" content=\"1 minute\" \/>\n<script type=\"application\/ld+json\" class=\"yoast-schema-graph\">{\"@context\":\"https:\/\/schema.org\",\"@graph\":[{\"@type\":\"WebPage\",\"@id\":\"https:\/\/www.mlemagnet.com\/fr\/faq-m-le-magnet\/\",\"url\":\"https:\/\/www.mlemagnet.com\/fr\/faq-m-le-magnet\/\",\"name\":\"FAQ - pour en savoir un peu plus ! - M le magnet\",\"isPartOf\":{\"@id\":\"https:\/\/www.mlemagnet.com\/fr\/#website\"},\"primaryImageOfPage\":{\"@id\":\"https:\/\/www.mlemagnet.com\/fr\/faq-m-le-magnet\/#primaryimage\"},\"image\":{\"@id\":\"https:\/\/www.mlemagnet.com\/fr\/faq-m-le-magnet\/#primaryimage\"},\"thumbnailUrl\":\"https:\/\/www.mlemagnet.com\/fr\/wp-content\/uploads\/2020\/05\/M-le-Magnet-Une-nouvelle-\u00e8re-dans-l\u2019industrie-du-packaging-1.gif\",\"datePublished\":\"2020-04-20T09:53:57+00:00\",\"dateModified\":\"2020-11-20T09:57:21+00:00\",\"description\":\"FAQ pour vous r\u00e9pondre sur les solutions magn\u00e9tiques simples, efficaces et performantes. M le Magnet est l'\u00e9tiquette magnetique adh\u00e9sive\",\"breadcrumb\":{\"@id\":\"https:\/\/www.mlemagnet.com\/fr\/faq-m-le-magnet\/#breadcrumb\"},\"inLanguage\":\"fr-FR\",\"potentialAction\":[{\"@type\":\"ReadAction\",\"target\":[\"https:\/\/www.mlemagnet.com\/fr\/faq-m-le-magnet\/\"]}]},{\"@type\":\"ImageObject\",\"inLanguage\":\"fr-FR\",\"@id\":\"https:\/\/www.mlemagnet.com\/fr\/faq-m-le-magnet\/#primaryimage\",\"url\":\"https:\/\/www.mlemagnet.com\/fr\/wp-content\/uploads\/2020\/05\/M-le-Magnet-Une-nouvelle-\u00e8re-dans-l\u2019industrie-du-packaging-1.gif\",\"contentUrl\":\"https:\/\/www.mlemagnet.com\/fr\/wp-content\/uploads\/2020\/05\/M-le-Magnet-Une-nouvelle-\u00e8re-dans-l\u2019industrie-du-packaging-1.gif\",\"width\":640,\"height\":368,\"caption\":\"Une fermeture automatique\"},{\"@type\":\"BreadcrumbList\",\"@id\":\"https:\/\/www.mlemagnet.com\/fr\/faq-m-le-magnet\/#breadcrumb\",\"itemListElement\":[{\"@type\":\"ListItem\",\"position\":1,\"name\":\"Accueil\",\"item\":\"https:\/\/www.mlemagnet.com\/fr\/\"},{\"@type\":\"ListItem\",\"position\":2,\"name\":\"FAQ &#8211; pour en savoir un peu plus !\"}]},{\"@type\":\"WebSite\",\"@id\":\"https:\/\/www.mlemagnet.com\/fr\/#website\",\"url\":\"https:\/\/www.mlemagnet.com\/fr\/\",\"name\":\"M le magnet\",\"description\":\"Pose automatique d&#039;aimants en s\u00e9rie\",\"publisher\":{\"@id\":\"https:\/\/www.mlemagnet.com\/fr\/#organization\"},\"potentialAction\":[{\"@type\":\"SearchAction\",\"target\":{\"@type\":\"EntryPoint\",\"urlTemplate\":\"https:\/\/www.mlemagnet.com\/fr\/?s={search_term_string}\"},\"query-input\":\"required name=search_term_string\"}],\"inLanguage\":\"fr-FR\"},{\"@type\":\"Organization\",\"@id\":\"https:\/\/www.mlemagnet.com\/fr\/#organization\",\"name\":\"M le Magnet by IPT\",\"url\":\"https:\/\/www.mlemagnet.com\/fr\/\",\"logo\":{\"@type\":\"ImageObject\",\"inLanguage\":\"fr-FR\",\"@id\":\"https:\/\/www.mlemagnet.com\/fr\/#\/schema\/logo\/image\/\",\"url\":\"\",\"contentUrl\":\"\",\"caption\":\"M le Magnet by IPT\"},\"image\":{\"@id\":\"https:\/\/www.mlemagnet.com\/fr\/#\/schema\/logo\/image\/\"},\"sameAs\":[\"https:\/\/youtube.com\/c\/JacquesPajot\"]}]}<\/script>\n<!-- \/ Yoast SEO plugin. -->","yoast_head_json":{"title":"FAQ - pour en savoir un peu plus ! - M le magnet","description":"FAQ pour vous r\u00e9pondre sur les solutions magn\u00e9tiques simples, efficaces et performantes. M le Magnet est l'\u00e9tiquette magnetique adh\u00e9sive","robots":{"index":"index","follow":"follow","max-snippet":"max-snippet:-1","max-image-preview":"max-image-preview:large","max-video-preview":"max-video-preview:-1"},"canonical":"https:\/\/www.mlemagnet.com\/fr\/faq-m-le-magnet\/","og_locale":"fr_FR","og_type":"article","og_title":"FAQ - pour en savoir un peu plus ! - M le magnet","og_description":"FAQ pour vous r\u00e9pondre sur les solutions magn\u00e9tiques simples, efficaces et performantes. M le Magnet est l'\u00e9tiquette magnetique adh\u00e9sive","og_url":"https:\/\/www.mlemagnet.com\/fr\/faq-m-le-magnet\/","og_site_name":"M le magnet","article_modified_time":"2020-11-20T09:57:21+00:00","og_image":[{"url":"https:\/\/www.mlemagnet.com\/fr\/wp-content\/uploads\/2020\/05\/M-le-Magnet-Une-nouvelle-\u00e8re-dans-l\u2019industrie-du-packaging-1.gif","width":640,"height":368,"type":"image\/gif"}],"twitter_card":"summary_large_image","twitter_misc":{"Dur\u00e9e de lecture estim\u00e9e":"1 minute"},"schema":{"@context":"https:\/\/schema.org","@graph":[{"@type":"WebPage","@id":"https:\/\/www.mlemagnet.com\/fr\/faq-m-le-magnet\/","url":"https:\/\/www.mlemagnet.com\/fr\/faq-m-le-magnet\/","name":"FAQ - pour en savoir un peu plus ! - M le magnet","isPartOf":{"@id":"https:\/\/www.mlemagnet.com\/fr\/#website"},"primaryImageOfPage":{"@id":"https:\/\/www.mlemagnet.com\/fr\/faq-m-le-magnet\/#primaryimage"},"image":{"@id":"https:\/\/www.mlemagnet.com\/fr\/faq-m-le-magnet\/#primaryimage"},"thumbnailUrl":"https:\/\/www.mlemagnet.com\/fr\/wp-content\/uploads\/2020\/05\/M-le-Magnet-Une-nouvelle-\u00e8re-dans-l\u2019industrie-du-packaging-1.gif","datePublished":"2020-04-20T09:53:57+00:00","dateModified":"2020-11-20T09:57:21+00:00","description":"FAQ pour vous r\u00e9pondre sur les solutions magn\u00e9tiques simples, efficaces et performantes. M le Magnet est l'\u00e9tiquette magnetique adh\u00e9sive","breadcrumb":{"@id":"https:\/\/www.mlemagnet.com\/fr\/faq-m-le-magnet\/#breadcrumb"},"inLanguage":"fr-FR","potentialAction":[{"@type":"ReadAction","target":["https:\/\/www.mlemagnet.com\/fr\/faq-m-le-magnet\/"]}]},{"@type":"ImageObject","inLanguage":"fr-FR","@id":"https:\/\/www.mlemagnet.com\/fr\/faq-m-le-magnet\/#primaryimage","url":"https:\/\/www.mlemagnet.com\/fr\/wp-content\/uploads\/2020\/05\/M-le-Magnet-Une-nouvelle-\u00e8re-dans-l\u2019industrie-du-packaging-1.gif","contentUrl":"https:\/\/www.mlemagnet.com\/fr\/wp-content\/uploads\/2020\/05\/M-le-Magnet-Une-nouvelle-\u00e8re-dans-l\u2019industrie-du-packaging-1.gif","width":640,"height":368,"caption":"Une fermeture automatique"},{"@type":"BreadcrumbList","@id":"https:\/\/www.mlemagnet.com\/fr\/faq-m-le-magnet\/#breadcrumb","itemListElement":[{"@type":"ListItem","position":1,"name":"Accueil","item":"https:\/\/www.mlemagnet.com\/fr\/"},{"@type":"ListItem","position":2,"name":"FAQ &#8211; pour en savoir un peu plus !"}]},{"@type":"WebSite","@id":"https:\/\/www.mlemagnet.com\/fr\/#website","url":"https:\/\/www.mlemagnet.com\/fr\/","name":"M le magnet","description":"Pose automatique d&#039;aimants en s\u00e9rie","publisher":{"@id":"https:\/\/www.mlemagnet.com\/fr\/#organization"},"potentialAction":[{"@type":"SearchAction","target":{"@type":"EntryPoint","urlTemplate":"https:\/\/www.mlemagnet.com\/fr\/?s={search_term_string}"},"query-input":"required name=search_term_string"}],"inLanguage":"fr-FR"},{"@type":"Organization","@id":"https:\/\/www.mlemagnet.com\/fr\/#organization","name":"M le Magnet by IPT","url":"https:\/\/www.mlemagnet.com\/fr\/","logo":{"@type":"ImageObject","inLanguage":"fr-FR","@id":"https:\/\/www.mlemagnet.com\/fr\/#\/schema\/logo\/image\/","url":"","contentUrl":"","caption":"M le Magnet by IPT"},"image":{"@id":"https:\/\/www.mlemagnet.com\/fr\/#\/schema\/logo\/image\/"},"sameAs":["https:\/\/youtube.com\/c\/JacquesPajot"]}]}},"jetpack_sharing_enabled":true,"_links":{"self":[{"href":"https:\/\/www.mlemagnet.com\/fr\/wp-json\/wp\/v2\/pages\/437","targetHints":{"allow":["GET"]}}],"collection":[{"href":"https:\/\/www.mlemagnet.com\/fr\/wp-json\/wp\/v2\/pages"}],"about":[{"href":"https:\/\/www.mlemagnet.com\/fr\/wp-json\/wp\/v2\/types\/page"}],"author":[{"embeddable":true,"href":"https:\/\/www.mlemagnet.com\/fr\/wp-json\/wp\/v2\/users\/1"}],"replies":[{"embeddable":true,"href":"https:\/\/www.mlemagnet.com\/fr\/wp-json\/wp\/v2\/comments?post=437"}],"version-history":[{"count":6,"href":"https:\/\/www.mlemagnet.com\/fr\/wp-json\/wp\/v2\/pages\/437\/revisions"}],"predecessor-version":[{"id":2015,"href":"https:\/\/www.mlemagnet.com\/fr\/wp-json\/wp\/v2\/pages\/437\/revisions\/2015"}],"wp:featuredmedia":[{"embeddable":true,"href":"https:\/\/www.mlemagnet.com\/fr\/wp-json\/wp\/v2\/media\/1177"}],"wp:attachment":[{"href":"https:\/\/www.mlemagnet.com\/fr\/wp-json\/wp\/v2\/media?parent=437"}],"curies":[{"name":"wp","href":"https:\/\/api.w.org\/{rel}","templated":true}]}}